{"id":319,"date":"2015-01-07T14:39:25","date_gmt":"2015-01-07T14:39:25","guid":{"rendered":"http:\/\/instructionsow.com\/?page_id=319"},"modified":"2016-02-26T15:39:47","modified_gmt":"2016-02-26T14:39:47","slug":"power","status":"publish","type":"page","link":"https:\/\/instructionsow.com\/de\/power\/","title":{"rendered":"BESCHREIBUNG TEILEREINIGER"},"content":{"rendered":"<p>[vc_row][vc_column][vc_column_text]<\/p>\n<h1 style=\"margin-top: 0; color: #0bbaf1; text-transform: uppercase;\">Inbetriebnahme<\/h1>\n<p>[\/vc_column_text][vc_column_text]<\/p>\n<p><strong>Phase 1 :<\/strong> Fl\u00fcssigkeit zuf\u00fchren, bis ein ausreichendes Niveau erreicht ist (mindestens 60 l Fl\u00fcssigkeit).<br \/>\n<strong>Phase 2 :<\/strong> Den Teilereiniger auf die Funktion Heizung einstellen und folgenden Schalter dr\u00fccken: &#8222;C\u00b0 on\/off&#8220;, am Bildschirm erscheint die Anzeige &#8222;im Heizbetrieb&#8220;.<br \/>\n<strong>Phase 3 :<\/strong> Eine Tablette in die entsprechende rechteckige \u00d6ffnung geben.<br \/>\n<strong>Phase 4 :<\/strong> \u00dcber dem Teilereiniger an der Wand das Kontrollblatt zum Wartungszustand des Teilereinigers aufh\u00e4ngen.<br \/>\n<strong>Phase 5 :<\/strong> Bei jeder neu eingelegten Tablette die Daten in der Tabelle des Kontrollblatts f\u00fcr den Wartungszustand eintragen.<br \/>\n<strong>Phase 6 :<\/strong> Der Teilereiniger ist einsatzf\u00e4hig, wenn auf dem Bildschirm die Anzeige &#8222;Temperatur ok&#8220; erscheint.<br \/>\n[\/vc_column_text][vc_video link=&#8220;https:\/\/www.youtube.com\/embed\/bB_0mceveFM&#8220;][\/vc_column][\/vc_row][vc_row][vc_column width=&#8220;1\/2&#8243;][vc_column_text]<\/p>\n<h1 style=\"margin-top: 0; color: #0bbaf1;\">BOOST MODUS<\/h1>\n<h3 style=\"margin-top: -5px;\">Gleichm\u00e4\u00dfige Erh\u00f6hung der Temperatur um 5\u00b0C<\/h3>\n<p>Durch Erh\u00f6hung der Temperatur ist es m\u00f6glich, hartn\u00e4ckig verschmutzte Teile wirksam zu entfetten.<\/p>\n<p><strong>Phase 1 :<\/strong> Die Taste <strong>BOOST<\/strong> dr\u00fccken. Die Kontrollleuchte &#8222;B&#8220; leuchtet auf und die Kontrollleuchte &#8222;HEIZUNG&#8220; schaltet sich ein.<br \/>\n<strong>Phase 2 :<\/strong> Nachdem die Temperatur erreicht wurde, schaltet sich der Heizbetrieb ab. Die Kontrollleuchten &#8222;B&#8220; und &#8222;HEIZUNG&#8220; leuchten dauerhaft.<br \/>\n<strong>Phase 3 :<\/strong> Die Kontrollleuchte &#8222;HEIZUNG&#8220; blinkt langsam, bis die Temperatur auf ihren Anfangswert zur\u00fcckgeht.<br \/>\n[\/vc_column_text][\/vc_column][vc_column width=&#8220;1\/2&#8243;][vc_column_text]<\/p>\n<h1 style=\"margin-top: 0; color: #0bbaf1;\">ECO BETRIEBSMODUS<\/h1>\n<h3 style=\"margin-top: -5px;\">Vor\u00fcbergehende Verringerung der Temperatur auf 30\u00b0C<\/h3>\n<p>Im Betriebsmodus ECO ist es m\u00f6glich, die Temperatur des Tauchbads zu verringern, um den Stromverbrauch in einer bestimmten (regulierbaren, s. Anleitung) Zeitspanne zu reduzieren. \u00dcber diese Zeitspanne hinaus geht die Temperatur wieder auf normale Betriebsstemperatur \u00fcber.<\/p>\n<p><strong>Phase 1 :<\/strong> Nach Dr\u00fccken der Taste <strong>ECO<\/strong> schaltet sich die Kontrollleuchte &#8222;HEIZUNG&#8220; ab und die orangefarbene Kontrollleuchte &#8222;\u20ac&#8220; blinkt langsam.<br \/>\n<strong>Phase 2 :<\/strong> Nachdem die Temperatur (30\u00b0C) erreicht wurde, wird diese f\u00fcr 11 Stunden beibehalten (regulierbar, s. Anleitung).<br \/>\nHINWEIS: Durch Dr\u00fccken der Taste Pumpe schaltet sich der ECO-Modus ab.<br \/>\n<strong>Phase 3 :<\/strong> Nach Ablauf der festgelegten Zeit steigt die Temperatur auf 38\u00b0C. Die Kontrollleuchte &#8222;HEIZUNG&#8220; blinkt langsam.[\/vc_column_text][\/vc_column][\/vc_row]<\/p>","protected":false},"excerpt":{"rendered":"<p>[vc_row][vc_column][vc_column_text] Inbetriebnahme [\/vc_column_text][vc_column_text] Phase 1 : Fl\u00fcssigkeit zuf\u00fchren, bis ein ausreichendes Niveau erreicht ist (mindestens 60 l Fl\u00fcssigkeit). Phase 2 : Den Teilereiniger auf die Funktion Heizung einstellen und folgenden Schalter dr\u00fccken: &#8222;C\u00b0 on\/off&#8220;, am Bildschirm erscheint die Anzeige &#8222;im Heizbetrieb&#8220;. Phase 3 : Eine Tablette in die entsprechende rechteckige \u00d6ffnung geben. Phase 4 : [&hellip;]<\/p>\n","protected":false},"author":1,"featured_media":0,"parent":0,"menu_order":0,"comment_status":"closed","ping_status":"closed","template":"","meta":[],"_links":{"self":[{"href":"https:\/\/instructionsow.com\/de\/wp-json\/wp\/v2\/pages\/319"}],"collection":[{"href":"https:\/\/instructionsow.com\/de\/wp-json\/wp\/v2\/pages"}],"about":[{"href":"https:\/\/instructionsow.com\/de\/wp-json\/wp\/v2\/types\/page"}],"author":[{"embeddable":true,"href":"https:\/\/instructionsow.com\/de\/wp-json\/wp\/v2\/users\/1"}],"replies":[{"embeddable":true,"href":"https:\/\/instructionsow.com\/de\/wp-json\/wp\/v2\/comments?post=319"}],"version-history":[{"count":5,"href":"https:\/\/instructionsow.com\/de\/wp-json\/wp\/v2\/pages\/319\/revisions"}],"predecessor-version":[{"id":2037,"href":"https:\/\/instructionsow.com\/de\/wp-json\/wp\/v2\/pages\/319\/revisions\/2037"}],"wp:attachment":[{"href":"https:\/\/instructionsow.com\/de\/wp-json\/wp\/v2\/media?parent=319"}],"curies":[{"name":"wp","href":"https:\/\/api.w.org\/{rel}","templated":true}]}}