{"id":7,"date":"2014-11-24T15:26:24","date_gmt":"2014-11-24T14:26:24","guid":{"rendered":"http:\/\/localhost\/instructionsosv2\/?page_id=7"},"modified":"2016-02-26T15:50:14","modified_gmt":"2016-02-26T14:50:14","slug":"pieces","status":"publish","type":"page","link":"https:\/\/instructionsow.com\/es\/pieces\/","title":{"rendered":"PIEZAS DE REPUESTO"},"content":{"rendered":"<p>[vc_row][vc_column css=\u00bb.vc_custom_1456135100233{margin-bottom: 60px !important;}\u00bb][vc_single_image image=\u00bb2021&#8243; img_size=\u00bbfull\u00bb][\/vc_column][vc_column width=\u00bb1\/2&#8243;][vc_column_text]<\/p>\n<table>\n<tbody>\n<tr>\n<td class=\"table-number table-head\" width=\"50\"><strong>N\u00b0<\/strong><\/td>\n<td class=\"table-name table-head\" width=\"149\"><strong>Descripci\u00f3n<\/strong><\/td>\n<td class=\"table-head\" width=\"26\"><strong> Referencia <\/strong><\/td>\n<td class=\"table-head\" width=\"66\"><\/td>\n<\/tr>\n<tr>\n<td class=\"table-number\" width=\"50\"><strong>01<\/strong><\/td>\n<td class=\"table-name\" width=\"149\">Chapa de cierre de la cuba de inmersi\u00f3n<\/td>\n<td width=\"26\">CSEQFOFC<\/td>\n<td width=\"66\">065-001<\/td>\n<\/tr>\n<tr>\n<td class=\"table-number\" width=\"50\"><strong>02<\/strong><\/td>\n<td class=\"table-name\" width=\"149\">Tap\u00f3n de la cuba<\/td>\n<td width=\"26\">CSEQFO<\/td>\n<td width=\"66\">000349<\/td>\n<\/tr>\n<tr>\n<td class=\"table-number\" width=\"50\"><strong>03<\/strong><\/td>\n<td class=\"table-name\" width=\"149\">Filtro de cesta 700\u00b5<\/td>\n<td width=\"26\">CSEQFO<\/td>\n<td width=\"66\">000289<\/td>\n<\/tr>\n<tr>\n<td class=\"table-number\" width=\"50\"><strong>04<\/strong><\/td>\n<td class=\"table-name\" width=\"149\">filtro de bolsillo 50\u00b5<\/td>\n<td width=\"26\">CSEQFO<\/td>\n<td width=\"66\">000125<\/td>\n<\/tr>\n<tr>\n<td class=\"table-number\" width=\"50\"><strong>05<\/strong><\/td>\n<td class=\"table-name\" width=\"149\">Conjunto Portaherramientas FS01<\/td>\n<td width=\"26\">CSEQFO<\/td>\n<td width=\"66\">000111-3<\/td>\n<\/tr>\n<tr>\n<td class=\"table-number\" width=\"50\"><strong>06<\/strong><\/td>\n<td class=\"table-name\" width=\"149\">Conector r\u00e1pido JB<\/td>\n<td width=\"26\">CSEQFO<\/td>\n<td width=\"66\">000103<\/td>\n<\/tr>\n<tr>\n<td class=\"table-number\" width=\"50\"><strong>08a<\/strong><\/td>\n<td class=\"table-name\" width=\"149\">Cepillo de rosca \u2013 duro FO 5\/10\u00b0<\/td>\n<td width=\"26\">CSEQFO<\/td>\n<td width=\"66\">000102-4<\/td>\n<\/tr>\n<tr>\n<td class=\"table-number\" width=\"50\"><strong>08b<\/strong><\/td>\n<td class=\"table-name\" width=\"149\">Cepillo de rosca \u2013 flexible FO 4\/10\u00b0 (opci\u00f3n)<\/td>\n<td width=\"26\">CSEQFO<\/td>\n<td width=\"66\">000102-3<\/td>\n<\/tr>\n<\/tbody>\n<\/table>\n<p>[\/vc_column_text][\/vc_column][vc_column width=\u00bb1\/2&#8243; el_class=\u00bbleft-table-responsive\u00bb][vc_column_text]<\/p>\n<table>\n<tbody>\n<tr>\n<td class=\"table-number table-head\" width=\"50\"><strong>N\u00b0<\/strong><\/td>\n<td class=\"table-name table-head\" width=\"149\"><strong>Descripci\u00f3n<\/strong><\/td>\n<td class=\"table-head\" width=\"26\"><strong>Referencia<\/strong><\/td>\n<td class=\"table-head\" width=\"66\"><\/td>\n<\/tr>\n<tr>\n<td class=\"table-number\" width=\"50\"><strong>20<\/strong><\/td>\n<td class=\"table-name\" width=\"149\">Kit electr\u00f3n. FS01\u00a0<span class=\"font5\">con<\/span><span class=\"font0\">\u00a0Bomba<\/span><\/td>\n<td width=\"26\">CSEQFO<\/td>\n<td width=\"66\">00055-1<\/td>\n<\/tr>\n<tr>\n<td class=\"table-number\" width=\"50\"><strong>21<\/strong><\/td>\n<td class=\"table-name\" width=\"149\">Sensor de temperatura<\/td>\n<td width=\"26\">CSEQFO<\/td>\n<td width=\"66\">000122<\/td>\n<\/tr>\n<tr>\n<td class=\"table-number\" width=\"50\"><strong>22<\/strong><\/td>\n<td class=\"table-name\" width=\"149\">Sensor de nivel FS00<\/td>\n<td width=\"26\">CSEQFO<\/td>\n<td width=\"66\">000035<\/td>\n<\/tr>\n<tr>\n<td class=\"table-number\" width=\"50\"><strong>23<\/strong><\/td>\n<td class=\"table-name\" width=\"149\">Resistencia FS01<\/td>\n<td width=\"26\">CSEQFO<\/td>\n<td width=\"66\">000036<\/td>\n<\/tr>\n<tr>\n<td class=\"table-number\" width=\"50\"><strong>24<\/strong><\/td>\n<td class=\"table-name\" width=\"149\">Bomba de circulaci\u00f3n con tubo<\/td>\n<td width=\"26\">CSEQFO<\/td>\n<td width=\"66\">000190-1<\/td>\n<\/tr>\n<tr>\n<td class=\"table-number\" width=\"50\"><strong>25<\/strong><\/td>\n<td class=\"table-name\" width=\"149\">Eje para bomba<\/td>\n<td width=\"26\">CSEQFO<\/td>\n<td width=\"66\">000345<\/td>\n<\/tr>\n<tr>\n<td class=\"table-number\" width=\"50\"><strong>26<\/strong><\/td>\n<td class=\"table-name\" width=\"149\">Bomba de aire<\/td>\n<td width=\"26\">CSEQFO<\/td>\n<td width=\"66\">000187-1<\/td>\n<\/tr>\n<tr>\n<td class=\"table-number\" width=\"50\"><strong>27<\/strong><\/td>\n<td class=\"table-name\" width=\"149\">Tubo de la bomba de aire<\/td>\n<td width=\"26\">CSEQFO<\/td>\n<td width=\"66\">000282<\/td>\n<\/tr>\n<tr>\n<td class=\"table-number\" width=\"50\"><strong>28<\/strong><\/td>\n<td class=\"table-name\" width=\"149\">Bot\u00f3n de mando<\/td>\n<td width=\"26\">CSEQFO<\/td>\n<td width=\"66\">000053<\/td>\n<\/tr>\n<tr>\n<td class=\"table-number\" width=\"50\"><strong>29<\/strong><\/td>\n<td class=\"table-name\" width=\"149\">Kit Fusibles (250mA T, 2A F, 4A F, 8A)<\/td>\n<td width=\"26\">CSEQFO<\/td>\n<td width=\"66\">000011<\/td>\n<\/tr>\n<\/tbody>\n<\/table>\n<p>[\/vc_column_text][\/vc_column][\/vc_row]<\/p>","protected":false},"excerpt":{"rendered":"<p>[vc_row][vc_column css=\u00bb.vc_custom_1456135100233{margin-bottom: 60px !important;}\u00bb][vc_single_image image=\u00bb2021&#8243; img_size=\u00bbfull\u00bb][\/vc_column][vc_column width=\u00bb1\/2&#8243;][vc_column_text] N\u00b0 Descripci\u00f3n Referencia 01 Chapa de cierre de la cuba de inmersi\u00f3n CSEQFOFC 065-001 02 Tap\u00f3n de la cuba CSEQFO 000349 03 Filtro de cesta 700\u00b5 CSEQFO 000289 04 filtro de bolsillo 50\u00b5 CSEQFO 000125 05 Conjunto Portaherramientas FS01 CSEQFO 000111-3 06 Conector r\u00e1pido JB CSEQFO 000103 08a [&hellip;]<\/p>\n","protected":false},"author":1,"featured_media":0,"parent":0,"menu_order":0,"comment_status":"closed","ping_status":"closed","template":"","meta":[],"_links":{"self":[{"href":"https:\/\/instructionsow.com\/es\/wp-json\/wp\/v2\/pages\/7"}],"collection":[{"href":"https:\/\/instructionsow.com\/es\/wp-json\/wp\/v2\/pages"}],"about":[{"href":"https:\/\/instructionsow.com\/es\/wp-json\/wp\/v2\/types\/page"}],"author":[{"embeddable":true,"href":"https:\/\/instructionsow.com\/es\/wp-json\/wp\/v2\/users\/1"}],"replies":[{"embeddable":true,"href":"https:\/\/instructionsow.com\/es\/wp-json\/wp\/v2\/comments?post=7"}],"version-history":[{"count":28,"href":"https:\/\/instructionsow.com\/es\/wp-json\/wp\/v2\/pages\/7\/revisions"}],"predecessor-version":[{"id":2039,"href":"https:\/\/instructionsow.com\/es\/wp-json\/wp\/v2\/pages\/7\/revisions\/2039"}],"wp:attachment":[{"href":"https:\/\/instructionsow.com\/es\/wp-json\/wp\/v2\/media?parent=7"}],"curies":[{"name":"wp","href":"https:\/\/api.w.org\/{rel}","templated":true}]}}