{"id":319,"date":"2015-01-07T14:39:25","date_gmt":"2015-01-07T14:39:25","guid":{"rendered":"http:\/\/instructionsow.com\/?page_id=319"},"modified":"2016-02-26T15:39:47","modified_gmt":"2016-02-26T14:39:47","slug":"power","status":"publish","type":"page","link":"https:\/\/instructionsow.com\/fr\/power\/","title":{"rendered":"D\u00c9COUVRIR LA FONTAINE"},"content":{"rendered":"<p>[vc_row][vc_column][vc_column_text]<\/p>\n<h1 style=\"margin-top: 0; color: #0bbaf1;\">MISE EN ROUTE<\/h1>\n<p>[\/vc_column_text][vc_column_text]<\/p>\n<p><strong>Etape 1 :<\/strong> Verser le liquide jusqu&rsquo;\u00e0 avoir un niveau suffisant (minimum 60 L de liquide).<br \/>\n<strong>Etape 2 :<\/strong> Mettre en chauffe la fontaine en appuyant sur l&rsquo;interrupteur : \u00ab\u00a0C\u00b0 on\/off\u00a0\u00bb, l&rsquo;indication \u00ab\u00a0en chauffe\u00a0\u00bb appara\u00eet sur l&rsquo;\u00e9cran.<br \/>\n<strong>Etape 3 :<\/strong> Ins\u00e9rer une tablette dans le trou rectangulaire pr\u00e9vu \u00e0 cet effet.<br \/>\n<strong>Etape 4 :<\/strong> Fixer au mur au dessus de la fontaine le poster de suivi d&rsquo;entretien de la fontaine.<br \/>\n<strong>Etape 5 :<\/strong> A chaque ajout de tablette reporter les dates d&rsquo;ajout sur le tableau du poster suivi d&rsquo;entretien.<br \/>\n<strong>Etape 6 :<\/strong> La fontaine est pr\u00eate \u00e0 \u00eatre utilis\u00e9e lorsque l&rsquo;indication \u00ab\u00a0temp\u00e9rature ok\u00a0\u00bb appara\u00eet sur l&rsquo;\u00e9cran.<br \/>\n[\/vc_column_text][vc_video link=\u00a0\u00bbhttps:\/\/www.youtube.com\/embed\/bB_0mceveFM\u00a0\u00bb][\/vc_column][\/vc_row][vc_row][vc_column width=\u00a0\u00bb1\/2&Prime;][vc_column_text]<\/p>\n<h1 style=\"margin-top: 0; color: #0bbaf1;\">MODE BOOST<\/h1>\n<h3 style=\"margin-top: -5px;\">\u00c9l\u00e9vation ponctuelle de la temp\u00e9rature de 5\u00b0C<\/h3>\n<p>L&rsquo;\u00e9l\u00e9vation de la temp\u00e9rature permet de d\u00e9graisser efficacement les pi\u00e8ces ayant des salissures tr\u00e8s tenaces.<\/p>\n<p><strong>Etape 1 :<\/strong> Appuyer sur le bouton <strong>BOOST<\/strong>. Le voyant \u00ab\u00a0B\u00a0\u00bb clignote et le voyant \u00ab\u00a0CHAUFFE\u00a0\u00bb s&rsquo;allume.<br \/>\n<strong>Etape 2 :<\/strong> Lorsque la temp\u00e9rature est atteinte, la mise en chauffe s\u2019arr\u00eate. Les voyants \u00ab\u00a0B\u00a0\u00bb et \u00ab\u00a0CHAUFFE\u00a0\u00bb sont fixes.<br \/>\n<strong>Etape 3 :<\/strong> Le voyant \u00ab\u00a0CHAUFFE\u00a0\u00bb clignote lentement lorsque la temp\u00e9rature revient \u00e0 la temp\u00e9rature initiale.<br \/>\n[\/vc_column_text][\/vc_column][vc_column width=\u00a0\u00bb1\/2&Prime;][vc_column_text]<\/p>\n<h1 style=\"margin-top: 0; color: #0bbaf1;\">MODE\u00a0\u00c9CO<\/h1>\n<h3 style=\"margin-top: -5px;\">Diminution temporaire de la temp\u00e9rature \u00e0 30\u00b0C<\/h3>\n<p>Le mode ECO permet de diminuer la temp\u00e9rature du bain pour diminuer la consommation d&rsquo;\u00e9lectricit\u00e9 pendant un laps de temps (r\u00e9glable, voir notice). Au-del\u00e0 de ce temps, la temp\u00e9rature remonte \u00e0 la temp\u00e9rature normale d&rsquo;utilisation.<\/p>\n<p><strong>Etape 1 :<\/strong> Apr\u00e8s avoir appuy\u00e9 sur le bouton <strong>ECO<\/strong>, le voyant \u00ab\u00a0CHAUFFE\u00a0\u00bb s&rsquo;\u00e9teint et le voyant orange \u00ab\u00a0\u20ac\u00a0\u00bb clignote lentement.<br \/>\n<strong>Etape 2 :<\/strong> Lorsque la temp\u00e9rature est atteinte (30\u00b0C), elle est maintenue pendant 11 heures (r\u00e9glable, voir notice).<br \/>\nNOTE : Lorsque le bouton pompe est enclench\u00e9, le mode ECO s&rsquo;arr\u00eate.<br \/>\n<strong>Etape 3 :<\/strong> Apr\u00e8s le temps \u00e9coul\u00e9, la temp\u00e9rature remonte jusqu&rsquo;\u00e0 38\u00b0C. Le voyant \u00ab\u00a0CHAUFFE\u00a0\u00bb clignote lentement.[\/vc_column_text][\/vc_column][\/vc_row]<\/p>","protected":false},"excerpt":{"rendered":"<p>[vc_row][vc_column][vc_column_text] MISE EN ROUTE [\/vc_column_text][vc_column_text] Etape 1 : Verser le liquide jusqu&rsquo;\u00e0 avoir un niveau suffisant (minimum 60 L de liquide). Etape 2 : Mettre en chauffe la fontaine en appuyant sur l&rsquo;interrupteur : \u00ab\u00a0C\u00b0 on\/off\u00a0\u00bb, l&rsquo;indication \u00ab\u00a0en chauffe\u00a0\u00bb appara\u00eet sur l&rsquo;\u00e9cran. Etape 3 : Ins\u00e9rer une tablette dans le trou rectangulaire pr\u00e9vu \u00e0 cet [&hellip;]<\/p>\n","protected":false},"author":1,"featured_media":0,"parent":0,"menu_order":0,"comment_status":"closed","ping_status":"closed","template":"","meta":[],"_links":{"self":[{"href":"https:\/\/instructionsow.com\/fr\/wp-json\/wp\/v2\/pages\/319"}],"collection":[{"href":"https:\/\/instructionsow.com\/fr\/wp-json\/wp\/v2\/pages"}],"about":[{"href":"https:\/\/instructionsow.com\/fr\/wp-json\/wp\/v2\/types\/page"}],"author":[{"embeddable":true,"href":"https:\/\/instructionsow.com\/fr\/wp-json\/wp\/v2\/users\/1"}],"replies":[{"embeddable":true,"href":"https:\/\/instructionsow.com\/fr\/wp-json\/wp\/v2\/comments?post=319"}],"version-history":[{"count":5,"href":"https:\/\/instructionsow.com\/fr\/wp-json\/wp\/v2\/pages\/319\/revisions"}],"predecessor-version":[{"id":2037,"href":"https:\/\/instructionsow.com\/fr\/wp-json\/wp\/v2\/pages\/319\/revisions\/2037"}],"wp:attachment":[{"href":"https:\/\/instructionsow.com\/fr\/wp-json\/wp\/v2\/media?parent=319"}],"curies":[{"name":"wp","href":"https:\/\/api.w.org\/{rel}","templated":true}]}}