{"id":7,"date":"2014-11-24T15:26:24","date_gmt":"2014-11-24T14:26:24","guid":{"rendered":"http:\/\/localhost\/instructionsosv2\/?page_id=7"},"modified":"2016-02-26T15:50:14","modified_gmt":"2016-02-26T14:50:14","slug":"pieces","status":"publish","type":"page","link":"https:\/\/instructionsow.com\/fr\/pieces\/","title":{"rendered":"PI\u00c8CES D\u00c9TACH\u00c9ES"},"content":{"rendered":"<p>[vc_row][vc_column css=\u00a0\u00bb.vc_custom_1456135100233{margin-bottom: 60px !important;}\u00a0\u00bb][vc_single_image image=\u00a0\u00bb2021&Prime; img_size=\u00a0\u00bbfull\u00a0\u00bb][\/vc_column][vc_column width=\u00a0\u00bb1\/2&Prime;][vc_column_text]<\/p>\n<table>\n<tbody>\n<tr>\n<td class=\"table-number table-head\" width=\"50\"><strong>N\u00b0<\/strong><\/td>\n<td class=\"table-name table-head\" width=\"149\"><strong>Description<\/strong><\/td>\n<td class=\"table-head\" width=\"26\"><strong>R\u00e9f\u00e9rence<\/strong><\/td>\n<td class=\"table-head\" width=\"66\"><\/td>\n<\/tr>\n<tr>\n<td class=\"table-number\" width=\"50\"><strong>01<\/strong><\/td>\n<td class=\"table-name\" width=\"149\">T\u00f4le fermeture bac<\/td>\n<td width=\"26\">CSEQFOFC<\/td>\n<td width=\"66\">065-001<\/td>\n<\/tr>\n<tr>\n<td class=\"table-number\" width=\"50\"><strong>02<\/strong><\/td>\n<td class=\"table-name\" width=\"149\">Bouchon \u00e9vier<\/td>\n<td width=\"26\">CSEQFO<\/td>\n<td width=\"66\">000349<\/td>\n<\/tr>\n<tr>\n<td class=\"table-number\" width=\"50\"><strong>03<\/strong><\/td>\n<td class=\"table-name\" width=\"149\">Filtre panier 700\u00b5<\/td>\n<td width=\"26\">CSEQFO<\/td>\n<td width=\"66\">000289<\/td>\n<\/tr>\n<tr>\n<td class=\"table-number\" width=\"50\"><strong>04<\/strong><\/td>\n<td class=\"table-name\" width=\"149\">Filtre poche 50\u00b5<\/td>\n<td width=\"26\">CSEQFO<\/td>\n<td width=\"66\">000125<\/td>\n<\/tr>\n<tr>\n<td class=\"table-number\" width=\"50\"><strong>05<\/strong><\/td>\n<td class=\"table-name\" width=\"149\">Ensemble porte-outil FS01<\/td>\n<td width=\"26\">CSEQFO<\/td>\n<td width=\"66\">000111-3<\/td>\n<\/tr>\n<tr>\n<td class=\"table-number\" width=\"50\"><strong>06<\/strong><\/td>\n<td class=\"table-name\" width=\"149\">Raccord rapide JB<\/td>\n<td width=\"26\">CSEQFO<\/td>\n<td width=\"66\">000103<\/td>\n<\/tr>\n<tr>\n<td class=\"table-number\" width=\"50\"><strong>08a<\/strong><\/td>\n<td class=\"table-name\" width=\"149\">Outil brosse dure vissable FO 5\/10\u00b0<\/td>\n<td width=\"26\">CSEQFO<\/td>\n<td width=\"66\">000102-4<\/td>\n<\/tr>\n<tr>\n<td class=\"table-number\" width=\"50\"><strong>08b<\/strong><\/td>\n<td class=\"table-name\" width=\"149\">Outil brosse souple vissable FO 4\/10\u00b0option<\/td>\n<td width=\"26\">CSEQFO<\/td>\n<td width=\"66\">000102-3<\/td>\n<\/tr>\n<\/tbody>\n<\/table>\n<p>[\/vc_column_text][\/vc_column][vc_column width=\u00a0\u00bb1\/2&Prime; el_class=\u00a0\u00bbleft-table-responsive\u00a0\u00bb][vc_column_text]<\/p>\n<table>\n<tbody>\n<tr>\n<td class=\"table-number table-head\" width=\"50\"><strong>N\u00b0<\/strong><\/td>\n<td class=\"table-name table-head\" width=\"149\"><strong>Description<\/strong><\/td>\n<td class=\"table-head\" width=\"26\"><strong>R\u00e9f\u00e9rence<\/strong><\/td>\n<td class=\"table-head\" width=\"66\"><\/td>\n<\/tr>\n<tr>\n<td class=\"table-number\" width=\"50\"><strong>20<\/strong><\/td>\n<td class=\"table-name\" width=\"149\">Kit \u00e9lectrique FS01 avec\u00a0pompe et sans tuyau<\/td>\n<td width=\"26\">CSEQFO<\/td>\n<td width=\"66\">00055-1<\/td>\n<\/tr>\n<tr>\n<td class=\"table-number\" width=\"50\"><strong>21<\/strong><\/td>\n<td class=\"table-name\" width=\"149\">Capteur de temp\u00e9rature<\/td>\n<td width=\"26\">CSEQFO<\/td>\n<td width=\"66\">000122<\/td>\n<\/tr>\n<tr>\n<td class=\"table-number\" width=\"50\"><strong>22<\/strong><\/td>\n<td class=\"table-name\" width=\"149\">D\u00e9tecteur de niveau FS00<\/td>\n<td width=\"26\">CSEQFO<\/td>\n<td width=\"66\">000035<\/td>\n<\/tr>\n<tr>\n<td class=\"table-number\" width=\"50\"><strong>23<\/strong><\/td>\n<td class=\"table-name\" width=\"149\">R\u00e9sistance FS01<\/td>\n<td width=\"26\">CSEQFO<\/td>\n<td width=\"66\">000036<\/td>\n<\/tr>\n<tr>\n<td class=\"table-number\" width=\"50\"><strong>24<\/strong><\/td>\n<td class=\"table-name\" width=\"149\">Pompe de circulation<\/td>\n<td width=\"26\">CSEQFO<\/td>\n<td width=\"66\">000190-1<\/td>\n<\/tr>\n<tr>\n<td class=\"table-number\" width=\"50\"><strong>25<\/strong><\/td>\n<td class=\"table-name\" width=\"149\">Axe pour pompe<\/td>\n<td width=\"26\">CSEQFO<\/td>\n<td width=\"66\">000345<\/td>\n<\/tr>\n<tr>\n<td class=\"table-number\" width=\"50\"><strong>26<\/strong><\/td>\n<td class=\"table-name\" width=\"149\">Pompe air<\/td>\n<td width=\"26\">CSEQFO<\/td>\n<td width=\"66\">000187-1<\/td>\n<\/tr>\n<tr>\n<td class=\"table-number\" width=\"50\"><strong>27<\/strong><\/td>\n<td class=\"table-name\" width=\"149\">Tuyau pompe air<\/td>\n<td width=\"26\">CSEQFO<\/td>\n<td width=\"66\">000282<\/td>\n<\/tr>\n<tr>\n<td class=\"table-number\" width=\"50\"><strong>28<\/strong><\/td>\n<td class=\"table-name\" width=\"149\">Bouton poussoir<\/td>\n<td width=\"26\">CSEQFO<\/td>\n<td width=\"66\">000053<\/td>\n<\/tr>\n<tr>\n<td class=\"table-number\" width=\"50\"><strong>29<\/strong><\/td>\n<td class=\"table-name\" width=\"149\">Kit fusibles (250mA T, 2A F, 4A F, 8A)<\/td>\n<td width=\"26\">CSEQFO<\/td>\n<td width=\"66\">000011<\/td>\n<\/tr>\n<\/tbody>\n<\/table>\n<p>[\/vc_column_text][\/vc_column][\/vc_row]<\/p>","protected":false},"excerpt":{"rendered":"<p>[vc_row][vc_column css=\u00a0\u00bb.vc_custom_1456135100233{margin-bottom: 60px !important;}\u00a0\u00bb][vc_single_image image=\u00a0\u00bb2021&Prime; img_size=\u00a0\u00bbfull\u00a0\u00bb][\/vc_column][vc_column width=\u00a0\u00bb1\/2&Prime;][vc_column_text] N\u00b0 Description R\u00e9f\u00e9rence 01 T\u00f4le fermeture bac CSEQFOFC 065-001 02 Bouchon \u00e9vier CSEQFO 000349 03 Filtre panier 700\u00b5 CSEQFO 000289 04 Filtre poche 50\u00b5 CSEQFO 000125 05 Ensemble porte-outil FS01 CSEQFO 000111-3 06 Raccord rapide JB CSEQFO 000103 08a Outil brosse dure vissable FO 5\/10\u00b0 CSEQFO 000102-4 08b [&hellip;]<\/p>\n","protected":false},"author":1,"featured_media":0,"parent":0,"menu_order":0,"comment_status":"closed","ping_status":"closed","template":"","meta":[],"_links":{"self":[{"href":"https:\/\/instructionsow.com\/fr\/wp-json\/wp\/v2\/pages\/7"}],"collection":[{"href":"https:\/\/instructionsow.com\/fr\/wp-json\/wp\/v2\/pages"}],"about":[{"href":"https:\/\/instructionsow.com\/fr\/wp-json\/wp\/v2\/types\/page"}],"author":[{"embeddable":true,"href":"https:\/\/instructionsow.com\/fr\/wp-json\/wp\/v2\/users\/1"}],"replies":[{"embeddable":true,"href":"https:\/\/instructionsow.com\/fr\/wp-json\/wp\/v2\/comments?post=7"}],"version-history":[{"count":28,"href":"https:\/\/instructionsow.com\/fr\/wp-json\/wp\/v2\/pages\/7\/revisions"}],"predecessor-version":[{"id":2039,"href":"https:\/\/instructionsow.com\/fr\/wp-json\/wp\/v2\/pages\/7\/revisions\/2039"}],"wp:attachment":[{"href":"https:\/\/instructionsow.com\/fr\/wp-json\/wp\/v2\/media?parent=7"}],"curies":[{"name":"wp","href":"https:\/\/api.w.org\/{rel}","templated":true}]}}