{"id":8,"date":"2015-05-20T11:45:57","date_gmt":"2015-05-20T10:45:57","guid":{"rendered":"http:\/\/masterstudy.stylemixthemes.com\/demo\/?page_id=8"},"modified":"2021-08-27T16:45:20","modified_gmt":"2021-08-27T15:45:20","slug":"home","status":"publish","type":"page","link":"https:\/\/instructionsow.com\/fr\/","title":{"rendered":"ACCUEIL"},"content":{"rendered":"<p>[vc_row full_width=\u00a0\u00bbstretch_row_content_no_spaces\u00a0\u00bb css=\u00a0\u00bb.vc_custom_1432531325225{margin-bottom: 0px !important;}\u00a0\u00bb][vc_column][rev_slider_vc alias=\u00a0\u00bbinstructions-os-fr\u00a0\u00bb][\/vc_column][\/vc_row][vc_row full_width=\u00a0\u00bbstretch_row\u00a0\u00bb css=\u00a0\u00bb.vc_custom_1456218826713{margin-top: 0px !important;margin-right: 0px !important;margin-bottom: 28px !important;margin-left: 0px !important;}\u00a0\u00bb el_class=\u00a0\u00bboverflowed_content home-icons\u00a0\u00bb][vc_column width=\u00a0\u00bb1\/6&Prime; css=\u00a0\u00bb.vc_custom_1446800878984{padding-right: 0px !important;padding-left: 0px !important;}\u00a0\u00bb][stm_icon_box icon=\u00a0\u00bbfa fa-plug\u00a0\u00bb icon_height=\u00a0\u00bb62&Prime; icon_color=\u00a0\u00bb#0bbaf1&Prime; title=\u00a0\u00bbD\u00c9COUVRIR LA FONTAINE\u00a0\u00bb box_text_color=\u00a0\u00bb#0a0a0a\u00a0\u00bb link=\u00a0\u00bburl:http%3A%2F%2Finstructionsow.com%2Ffr%2Fpower|||\u00a0\u00bb]<\/p>\n<p style=\"text-align: center;\">Mise en route<\/p>\n<p>[\/stm_icon_box][\/vc_column][vc_column width=\u00a0\u00bb1\/6&Prime; css=\u00a0\u00bb.vc_custom_1446801433678{padding-right: 0px !important;padding-left: 0px !important;}\u00a0\u00bb][stm_icon_box icon=\u00a0\u00bbfa fa-book\u00a0\u00bb icon_size=\u00a0\u00bb61&Prime; icon_height=\u00a0\u00bb69&Prime; icon_color=\u00a0\u00bb#0bbaf1&Prime; title=\u00a0\u00bbNOTICE\u00a0\u00bb box_text_color=\u00a0\u00bb#0a0a0a\u00a0\u00bb css_icon=\u00a0\u00bb.vc_custom_1626774295266{padding-right: 0px !important;padding-left: 0px !important;}\u00a0\u00bb link=\u00a0\u00bburl:http%3A%2F%2Finstructionsow.com%2Fpdf%2FFR_GT.pdf||target:%20_blank|\u00a0\u00bb]<\/p>\n<p style=\"text-align: center;\">T\u00e9l\u00e9charger<\/p>\n<p>[\/stm_icon_box][\/vc_column][vc_column width=\u00a0\u00bb1\/6&Prime; css=\u00a0\u00bb.vc_custom_1446800996454{padding-right: 0px !important;padding-left: 0px !important;}\u00a0\u00bb][stm_icon_box icon=\u00a0\u00bbfa fa-youtube-play\u00a0\u00bb icon_size=\u00a0\u00bb62&Prime; icon_height=\u00a0\u00bb69&Prime; icon_color=\u00a0\u00bb#0bbaf1&Prime; title=\u00a0\u00bbVID\u00c9OS\u00a0\u00bb box_text_color=\u00a0\u00bb#0a0a0a\u00a0\u00bb css_icon=\u00a0\u00bb.vc_custom_1626774306576{padding-right: 0px !important;padding-left: 0px !important;}\u00a0\u00bb link=\u00a0\u00bburl:http%3A%2F%2Finstructionsow.com%2Ffr%2Fvideos%2F|||\u00a0\u00bb]<\/p>\n<p style=\"text-align: center;\">Voir les vid\u00e9os<\/p>\n<p>[\/stm_icon_box][\/vc_column][vc_column width=\u00a0\u00bb1\/6&Prime; css=\u00a0\u00bb.vc_custom_1446801445398{padding-right: 0px !important;padding-left: 0px !important;}\u00a0\u00bb][stm_icon_box icon=\u00a0\u00bbfa fa-question-circle\u00a0\u00bb icon_size=\u00a0\u00bb57&Prime; icon_height=\u00a0\u00bb69&Prime; icon_color=\u00a0\u00bb#0bbaf1&Prime; title=\u00a0\u00bbFAQ\u00a0\u00bb box_text_color=\u00a0\u00bb#000000&Prime; link=\u00a0\u00bburl:http%3A%2F%2Finstructionsow.com%2Ff%2Ffaq%2F|||\u00a0\u00bb]<\/p>\n<p style=\"text-align: center;\">D\u00e9couvrir<\/p>\n<p>[\/stm_icon_box][\/vc_column][vc_column width=\u00a0\u00bb1\/6&Prime; css=\u00a0\u00bb.vc_custom_1446801451190{padding-right: 0px !important;padding-left: 0px !important;}\u00a0\u00bb][stm_icon_box icon=\u00a0\u00bbfa fa-wrench\u00a0\u00bb icon_size=\u00a0\u00bb62&Prime; icon_height=\u00a0\u00bb69&Prime; icon_color=\u00a0\u00bb#0bbaf1&Prime; title=\u00a0\u00bbPI\u00c8CES D\u00c9TACH\u00c9ES\u00a0\u00bb box_text_color=\u00a0\u00bb#000000&Prime; link=\u00a0\u00bburl:http%3A%2F%2Finstructionsow.com%2Ffr%2Fpieces%2F|||\u00a0\u00bb]<\/p>\n<p style=\"text-align: center;\">Consulter<\/p>\n<p>[\/stm_icon_box][\/vc_column][vc_column width=\u00a0\u00bb1\/6&Prime; css=\u00a0\u00bb.vc_custom_1446801456677{padding-right: 0px !important;padding-left: 0px !important;}\u00a0\u00bb][stm_icon_box icon=\u00a0\u00bbfa fa-comments\u00a0\u00bb icon_height=\u00a0\u00bb69&Prime; icon_color=\u00a0\u00bb#0bbaf1&Prime; title=\u00a0\u00bbASSISTANCE &amp; GARANTIE\u00a0\u00bb box_text_color=\u00a0\u00bb#000000&Prime; link=\u00a0\u00bburl:http%3A%2F%2Finstructionsow.com%2Ffr%2Fassistance%2F|||\u00a0\u00bb]<\/p>\n<p style=\"text-align: center;\">En savoir plus<\/p>\n<p>[\/stm_icon_box][\/vc_column][\/vc_row]<\/p>","protected":false},"excerpt":{"rendered":"<p>[vc_row full_width=\u00a0\u00bbstretch_row_content_no_spaces\u00a0\u00bb css=\u00a0\u00bb.vc_custom_1432531325225{margin-bottom: 0px !important;}\u00a0\u00bb][vc_column][rev_slider_vc alias=\u00a0\u00bbinstructions-os-fr\u00a0\u00bb][\/vc_column][\/vc_row][vc_row full_width=\u00a0\u00bbstretch_row\u00a0\u00bb css=\u00a0\u00bb.vc_custom_1456218826713{margin-top: 0px !important;margin-right: 0px !important;margin-bottom: 28px !important;margin-left: 0px !important;}\u00a0\u00bb el_class=\u00a0\u00bboverflowed_content home-icons\u00a0\u00bb][vc_column width=\u00a0\u00bb1\/6&Prime; css=\u00a0\u00bb.vc_custom_1446800878984{padding-right: 0px !important;padding-left: 0px !important;}\u00a0\u00bb][stm_icon_box icon=\u00a0\u00bbfa fa-plug\u00a0\u00bb icon_height=\u00a0\u00bb62&Prime; icon_color=\u00a0\u00bb#0bbaf1&Prime; title=\u00a0\u00bbD\u00c9COUVRIR LA FONTAINE\u00a0\u00bb box_text_color=\u00a0\u00bb#0a0a0a\u00a0\u00bb link=\u00a0\u00bburl:http%3A%2F%2Finstructionsow.com%2Ffr%2Fpower|||\u00a0\u00bb] Mise en route [\/stm_icon_box][\/vc_column][vc_column width=\u00a0\u00bb1\/6&Prime; css=\u00a0\u00bb.vc_custom_1446801433678{padding-right: 0px !important;padding-left: 0px !important;}\u00a0\u00bb][stm_icon_box icon=\u00a0\u00bbfa fa-book\u00a0\u00bb icon_size=\u00a0\u00bb61&Prime; icon_height=\u00a0\u00bb69&Prime; icon_color=\u00a0\u00bb#0bbaf1&Prime; title=\u00a0\u00bbNOTICE\u00a0\u00bb box_text_color=\u00a0\u00bb#0a0a0a\u00a0\u00bb css_icon=\u00a0\u00bb.vc_custom_1626774295266{padding-right: 0px !important;padding-left: 0px !important;}\u00a0\u00bb [&hellip;]<\/p>\n","protected":false},"author":1,"featured_media":0,"parent":0,"menu_order":0,"comment_status":"closed","ping_status":"closed","template":"","meta":[],"_links":{"self":[{"href":"https:\/\/instructionsow.com\/fr\/wp-json\/wp\/v2\/pages\/8"}],"collection":[{"href":"https:\/\/instructionsow.com\/fr\/wp-json\/wp\/v2\/pages"}],"about":[{"href":"https:\/\/instructionsow.com\/fr\/wp-json\/wp\/v2\/types\/page"}],"author":[{"embeddable":true,"href":"https:\/\/instructionsow.com\/fr\/wp-json\/wp\/v2\/users\/1"}],"replies":[{"embeddable":true,"href":"https:\/\/instructionsow.com\/fr\/wp-json\/wp\/v2\/comments?post=8"}],"version-history":[{"count":57,"href":"https:\/\/instructionsow.com\/fr\/wp-json\/wp\/v2\/pages\/8\/revisions"}],"predecessor-version":[{"id":2100,"href":"https:\/\/instructionsow.com\/fr\/wp-json\/wp\/v2\/pages\/8\/revisions\/2100"}],"wp:attachment":[{"href":"https:\/\/instructionsow.com\/fr\/wp-json\/wp\/v2\/media?parent=8"}],"curies":[{"name":"wp","href":"https:\/\/api.w.org\/{rel}","templated":true}]}}